{"id":3,"date":"2024-06-05T12:25:26","date_gmt":"2024-06-05T10:25:26","guid":{"rendered":"http:\/\/les-pieds-sur-terre.re\/?page_id=3"},"modified":"2025-01-13T13:49:56","modified_gmt":"2025-01-13T12:49:56","slug":"politique-de-confidentialite","status":"publish","type":"page","link":"https:\/\/les-pieds-sur-terre.re\/index.php\/politique-de-confidentialite\/","title":{"rendered":"Politique de confidentialit\u00e9"},"content":{"rendered":"\n<div class=\"wp-block-uagb-container uagb-block-sxipqzc3 alignfull uagb-is-root-container\"><div class=\"uagb-container-inner-blocks-wrap\">\n<div class=\"wp-block-uagb-info-box uagb-block-llicjcl2 uagb-infobox__content-wrap  uagb-infobox-icon-above-title uagb-infobox-image-valign-top wp-block-uagb-info-box--has-margin\"><div class=\"uagb-infobox-margin-wrapper\"><div class=\"uagb-ifb-content\"><div class=\"uagb-ifb-title-wrap\"><h1 class=\"uagb-ifb-title\">Politique de confidentialit\u00e9<\/h1><\/div><\/div><\/div><\/div>\n<\/div><\/div>\n\n\n\n<div class=\"wp-block-uagb-container uagb-block-5d882a86 alignfull uagb-is-root-container\"><div class=\"uagb-container-inner-blocks-wrap\">\n<h2 class=\"wp-block-heading\"><strong>PREAMBULE<\/strong><\/h2>\n\n\n\n<p>Perrine Grenin s\u2019engage \u00e0 ce que la collecte et le traitement de vos donn\u00e9es soient effectu\u00e9s de mani\u00e8re licite, loyale et transparente, conform\u00e9ment au r\u00e8glement g\u00e9n\u00e9ral sur la protection des donn\u00e9es (RGPD) et \u00e0 la Loi informatique et Libert\u00e9s de 1978 modifi\u00e9e.<\/p>\n\n\n\n<p>La collecte des donn\u00e9es \u00e0 caract\u00e8re personnel de ses prospects et clients se limite au strict n\u00e9cessaire, conform\u00e9ment au principe de minimisation des donn\u00e9es, et indique quelles sont les finalit\u00e9s poursuivies par le recueil de ces donn\u00e9es, si fournir ces donn\u00e9es rev\u00eat un caract\u00e8re facultatif ou obligatoire pour g\u00e9rer les demandes et qui pourra en prendre connaissance.<\/p>\n\n\n\n<p>Par la pr\u00e9sente, Perrine Grenin vous informe clairement sur les traitements de donn\u00e9es \u00e0 caract\u00e8re personnel qu\u2019elle met en \u0153uvre dans le cadre de son activit\u00e9, comment les donn\u00e9es sont collect\u00e9es, utilis\u00e9es et prot\u00e9g\u00e9es.<\/p>\n\n\n\n<p>Enfin, Perrine Grenin vous informe que la s\u00e9curit\u00e9 des donn\u00e9es est une priorit\u00e9 et que des tests sont men\u00e9s r\u00e9guli\u00e8rement afin de pr\u00e9server leur int\u00e9grit\u00e9 contre tout risque d\u2019atteinte volontaire ou involontaire.<\/p>\n\n\n\n<h2 class=\"wp-block-heading\"><strong>ARTICLE I : D\u00c9FINITIONS<\/strong><\/h2>\n\n\n\n<p>Perrine Grenin: La personne morale qui \u00e9dite les services de communication au public en ligne, c\u2019est- \u00e0-dire, Perrine Grenin\u00a0 Siret 948 334 461 00027 repr\u00e9sent\u00e9e par Perrine Grenin, travailleur ind\u00e9pendant.<\/p>\n\n\n\n<p>Utilisateur : Personne b\u00e9n\u00e9ficiant d\u2019un acc\u00e8s au Contenu et \u00e0 l\u2019Espace r\u00e9serv\u00e9 au moyen d\u2019une adresse email et d\u2019un mot de passe personnel (ci-apr\u00e8s d\u00e9nomm\u00e9 \u00ab clef d\u2019activation \u00bb), fournis par le Formateur pour le Contenu payant.<\/p>\n\n\n\n<p>Perrine Grenin est tant\u00f4t responsable de traitement aupr\u00e8s de ses Clients , tant\u00f4t sous-traitant de ces derniers vis-\u00e0-vis des Utilisateurs. La pr\u00e9sente Politique de Confidentialit\u00e9 a vocation \u00e0 r\u00e9gir ces deux cas.<\/p>\n\n\n\n<h2 class=\"wp-block-heading\"><strong>ARTICLE II: NATURE DES DONN\u00c9ES COLLECT\u00c9ES<\/strong><\/h2>\n\n\n\n<p>2.1. En tant que responsable de traitement. Dans le cadre de l&rsquo;utilisation de la plateforme, Perrine Grenin&nbsp; est susceptible de collecter les cat\u00e9gories de donn\u00e9es suivantes directement aupr\u00e8s de ses Clients :<\/p>\n\n\n\n<p>&#8211; Donn\u00e9es d\u2019identification : Nom et Pr\u00e9nom.<\/p>\n\n\n\n<p>&#8211; Donn\u00e9es de contact : Num\u00e9ro de t\u00e9l\u00e9phone personnel, Adresse \u00e9lectronique personnelle, Adresse postale personnelle.<\/p>\n\n\n\n<p>&#8211; Donn\u00e9es relatives \u00e0 la vie professionnelle : Nom de soci\u00e9t\u00e9, Adresse postale de la soci\u00e9t\u00e9, Num\u00e9ro de TVA, Coordonn\u00e9es professionnelles.<\/p>\n\n\n\n<p>&#8211; Donn\u00e9es de connexion : Adresse IP, Logs de connexion.<\/p>\n\n\n\n<p>&nbsp;Perrine Grenin s\u2019engage \u00e0 tenir par \u00e9crit un registre de toutes les cat\u00e9gories d\u2019activit\u00e9s de traitement effectu\u00e9es en tant que responsable de traitement des donn\u00e9es susvis\u00e9es.<\/p>\n\n\n\n<p>Il est express\u00e9ment pr\u00e9cis\u00e9 qu\u2019aucune collecte de donn\u00e9es d\u2019origine ethnique, sociale, religieuse, politique ou de tout autre type de donn\u00e9e \u00e0 caract\u00e8re personnel sensible par nature n\u2019est autoris\u00e9e par Perrine Grenin , notamment via les sondages. En tant que responsable de traitement des donn\u00e9es des Utilisateurs et seul responsable de leur collecte.<\/p>\n\n\n\n<h2 class=\"wp-block-heading\"><strong>ARTICLE III : COMMUNICATION DES DONN\u00c9ES PERSONNELLES \u00c0 DES TIERS<\/strong><\/h2>\n\n\n\n<p>Communication aux autorit\u00e9s sur la base des obligations l\u00e9gales. Sur la base des obligations l\u00e9gales, vos donn\u00e9es personnelles pourront \u00eatre divulgu\u00e9es en application d&rsquo;une loi, d&rsquo;un r\u00e8glement ou en vertu d&rsquo;une d\u00e9cision d&rsquo;une autorit\u00e9 r\u00e9glementaire ou judiciaire comp\u00e9tente.<\/p>\n\n\n\n<p>De mani\u00e8re g\u00e9n\u00e9rale, nous nous engageons \u00e0 nous conformer \u00e0 toutes les r\u00e8gles l\u00e9gales qui pourraient emp\u00eacher, limiter ou r\u00e9glementer la diffusion d\u2019informations ou de donn\u00e9es et notamment \u00e0 se conformer \u00e0 la Loi n\u00b0 78-17 du 6 janvier 1978 relative \u00e0 l&rsquo;informatique, aux fichiers et aux libert\u00e9s et au R\u00e8glement g\u00e9n\u00e9ral sur la protection des donn\u00e9es de l\u2019Union europ\u00e9enne.<\/p>\n\n\n\n<p>Communication \u00e0 des tiers pour les besoins du fonctionnement du service. Afin de faire fonctionner la plateforme dans des conditions optimales pour les Clients et Utilisateurs, Perrine Grenin peut \u00eatre amen\u00e9e \u00e0 faire appel \u00e0 des prestataires ext\u00e9rieurs, notamment en mati\u00e8re de massages. Dans le cadre de sa mission, un prestataire est susceptible de se faire communiquer des documents contenant des donn\u00e9es personnelles apr\u00e8s avoir sign\u00e9 un accord de confidentialit\u00e9.<\/p>\n\n\n\n<p>Cela est notamment le cas pour les prestations d\u2019intervention li\u00e9es au service apr\u00e8s-vente de Perrine Grenin.<\/p>\n\n\n\n<h2 class=\"wp-block-heading\"><strong>ARTICLE IV: \u00c0 PROPOS DE LA COLLECTE DES DONN\u00c9ES D&rsquo;IDENTIT\u00c9 ET D\u2019IDENTIFICATION<\/strong><\/h2>\n\n\n\n<p>En tant que responsable de traitement. Inscription et identification pr\u00e9alable pour la fourniture du service. L\u2019utilisation de la plateforme n\u00e9cessite une inscription et une identification pr\u00e9alable. Les donn\u00e9es nominatives (nom, pr\u00e9nom, adresse postale, e-mail) sont utilis\u00e9es pour ex\u00e9cuter nos obligations l\u00e9gales r\u00e9sultant de la livraison des services tels que pr\u00e9vu dans la commande.<\/p>\n\n\n\n<p>&nbsp;les Utilisateurs se doivent de ne pas fournir de fausses informations nominatives et ne pas cr\u00e9er de compte pour une autre personne sans son autorisation. Les coordonn\u00e9es devront toujours \u00eatre exactes et \u00e0 jour.<\/p>\n\n\n\n<h2 class=\"wp-block-heading\"><strong>ARTICLE V: PROTECTION DES DONN\u00c9ES ET MOTS DE PASSE<\/strong><\/h2>\n\n\n\n<p>Cr\u00e9ation des mots de passe (manuelle). Les Clients et Utilisateurs de la Plateforme doivent indiquer un mot de passe de 8 caract\u00e8res minimum, comprenant au moins :<\/p>\n\n\n\n<p>&#8211; une lettre minuscule ;<\/p>\n\n\n\n<p>&#8211; une lettre majuscule ;<\/p>\n\n\n\n<p>&#8211; un chiffre.<\/p>\n\n\n\n<p>Cr\u00e9ation des mots de passe (automatique). Perrine Grenin g\u00e9n\u00e8re automatiquement des mots de passe de 8 caract\u00e8res pour ses Utilisateurs (lors d\u2019une commande, d\u2019une formation par exemple).<\/p>\n\n\n\n<p>Encodage des mots de passe et blocage. Afin de garantir l\u2019int\u00e9grit\u00e9 des mots de passe cr\u00e9\u00e9s dans le cadre de l\u2019utilisation de la Plateforme, Perrine Grenin s\u2019appuie sur la m\u00e9thode password_hash de Learnybox pour l\u2019encodage des mots de passe.<\/p>\n\n\n\n<p>De plus, l\u2019acc\u00e8s \u00e0 la Plateforme est bloqu\u00e9 apr\u00e8s cinq tentatives d\u2019introduction infructueuses.<\/p>\n\n\n\n<h2 class=\"wp-block-heading\"><strong>ARTICLE VI : COOKIES<\/strong><\/h2>\n\n\n\n<p>Dur\u00e9e de conservation des cookies. Conform\u00e9ment aux recommandations de la CNIL, la dur\u00e9e maximale de conservation des cookies est de 13 mois au maximum apr\u00e8s leur premier d\u00e9p\u00f4t dans le terminal du client ou de l&rsquo;utilisateur, tout comme la dur\u00e9e de la validit\u00e9 du consentement \u00e0 l\u2019utilisation de ces cookies. La dur\u00e9e de vie des cookies n\u2019est pas prolong\u00e9e \u00e0 chaque visite. Perrine Grenin s\u2019assure donc que le consentement de la personne concern\u00e9e est renouvel\u00e9 \u00e0 l&rsquo;issue de ce d\u00e9lai.<\/p>\n\n\n\n<p>Finalit\u00e9 des cookies. Les cookies peuvent \u00eatre utilis\u00e9s pour des fins statistiques notamment pour optimiser les services rendus aux clients et Utilisateurs, \u00e0 partir du traitement des informations concernant la fr\u00e9quence d&rsquo;acc\u00e8s, la personnalisation des pages ainsi que les op\u00e9rations r\u00e9alis\u00e9es et les informations consult\u00e9es.<\/p>\n\n\n\n<p>Perrine Grenin est susceptible de d\u00e9poser des cookies sur votre terminal apr\u00e8s recueil de votre consentement expr\u00e8s. Le cookie enregistre des informations relatives \u00e0 la navigation sur le service (les pages que vous avez consult\u00e9es, la date et l&rsquo;heure de la consultation&#8230;) que nous pourrons lire lors de vos visites ult\u00e9rieures.<\/p>\n\n\n\n<p>8.3. Droit de refuser les cookies, la d\u00e9sactivation entra\u00eenant un fonctionnement d\u00e9grad\u00e9 du service. Vous reconnaissez avoir \u00e9t\u00e9 inform\u00e9 que Perrine Grenin peut avoir recours \u00e0 des cookies, et l&rsquo;y autoris\u00e9. Si vous ne souhaitez pas que des cookies soient utilis\u00e9s sur votre terminal, la plupart des navigateurs vous permettent de d\u00e9sactiver les cookies en passant par les options de r\u00e9glage. Toutefois, vous \u00eates inform\u00e9 que certains services sont susceptibles de ne plus fonctionner correctement.<\/p>\n\n\n\n<p>&nbsp;Association possible de cookies avec des donn\u00e9es personnelles pour permettre le fonctionnement du service. Perrine Grenin peut \u00eatre amen\u00e9e \u00e0 recueillir des informations de navigation via l&rsquo;utilisation de cookies.<\/p>\n\n\n\n<h2 class=\"wp-block-heading\"><strong>ARTICLE VII: D\u00c9LAI DE CONSERVATION DES DONN\u00c9ES PERSONNELLES<\/strong><\/h2>\n\n\n\n<p>Conservation des donn\u00e9es pendant la dur\u00e9e de la relation contractuelle.<\/p>\n\n\n\n<p>Conform\u00e9ment \u00e0 l&rsquo;article 6-5\u00b0 de la loi n\u00b078-17 du 6 janvier 1978 relative \u00e0 l&rsquo;informatique, aux fichiers et aux libert\u00e9s, les donn\u00e9es \u00e0 caract\u00e8re personnel faisant l&rsquo;objet d&rsquo;un traitement ne sont pas conserv\u00e9es au-del\u00e0 du temps n\u00e9cessaire \u00e0 l&rsquo;ex\u00e9cution des obligations d\u00e9finies lors de la conclusion du contrat ou de la dur\u00e9e pr\u00e9d\u00e9finie de la relation contractuelle.<\/p>\n\n\n\n<p>Suppression des donn\u00e9es apr\u00e8s suppression du compte. Des moyens de purge de donn\u00e9es sont mis en place afin d&rsquo;en pr\u00e9voir la suppression effective d\u00e8s lors que la dur\u00e9e de conservation ou d&rsquo;archivage n\u00e9cessaire \u00e0 l&rsquo;accomplissement des finalit\u00e9s d\u00e9termin\u00e9es ou impos\u00e9es est atteinte. Toute personne dispose d&rsquo;un droit de suppression sur ses donn\u00e9es dans les limites de la r\u00e9glementation applicable et pouvant \u00eatre exerc\u00e9 \u00e0 tout moment.<\/p>\n\n\n\n<p>Perrine Grenin suppression des donn\u00e9es apr\u00e8s trois ans d&rsquo;inactivit\u00e9. Pour des raisons de s\u00e9curit\u00e9, si vous ne vous \u00eates pas authentifi\u00e9 sur la Plateforme ou que vous n\u2019avez pas eu un comportement actif (clic sur un lien) pendant une p\u00e9riode de trois ans, vous recevrez un email vous invitant \u00e0 vous connecter dans les plus brefs d\u00e9lais, sans quoi vos donn\u00e9es seront supprim\u00e9es de nos bases de donn\u00e9es.<\/p>\n\n\n\n<p>Archivage des donn\u00e9es. Les donn\u00e9es sont conserv\u00e9es durant cinq ans apr\u00e8s la suppression du compte, quelle qu\u2019en soit la cause. Cette dur\u00e9e correspond \u00e0 la dur\u00e9e de la prescription l\u00e9gale des actions judiciaires en mati\u00e8re civile. La finalit\u00e9 de l\u2019archivage est de conserver la preuve du consentement des personnes concern\u00e9es et de justifier tout \u00e9l\u00e9ment comptable en cas de litige ult\u00e9rieur.<\/p>\n\n\n\n<p>Conservation des donn\u00e9es anonymis\u00e9es au-del\u00e0 de la relation contractuelle \/ apr\u00e8s la suppression du compte. En dehors de l\u2019archivage, nous conservons les donn\u00e9es personnelles pour la dur\u00e9e strictement n\u00e9cessaire \u00e0 la r\u00e9alisation des finalit\u00e9s d\u00e9crites dans la pr\u00e9sente Politique. Au-del\u00e0 de cette dur\u00e9e, elles seront anonymis\u00e9es et conserv\u00e9es \u00e0 des fins exclusivement statistiques et ne donneront lieu \u00e0 aucune exploitation, de quelque nature que ce soit.<\/p>\n\n\n\n<h2 class=\"wp-block-heading\"><strong>ARTICLE VIII : SUPPRESSION DU COMPTE<\/strong><\/h2>\n\n\n\n<p>Suppression du compte \u00e0 la demande. Les Utilisateurs finaux ont la possibilit\u00e9 de supprimer leur compte \u00e0 tout moment, par simple demande \u00e0 Perrine Grenin ou par le menu de suppression de compte pr\u00e9sent dans les param\u00e8tres du compte le cas \u00e9ch\u00e9ant.<\/p>\n\n\n\n<p>Suppression du compte en cas de violation de la Politique de confidentialit\u00e9. En cas de violation d&rsquo;une ou de plusieurs dispositions des pr\u00e9sentes ou de tout autre document incorpor\u00e9 aux pr\u00e9sentes par r\u00e9f\u00e9rence (CGV) Perrine Grenin se r\u00e9serve le droit de mettre fin ou restreindre, sans aucun avertissement pr\u00e9alable et \u00e0 sa seule discr\u00e9tion, votre usage et acc\u00e8s aux services, \u00e0 votre compte et \u00e0 la Plateforme.<\/p>\n\n\n\n<h2 class=\"wp-block-heading\"><strong>ARTICLE IX : INDICATIONS EN CAS DE FAILLE DE S\u00c9CURIT\u00c9<\/strong><\/h2>\n\n\n\n<p>Perrine Grenin s\u2019engage \u00e0 mettre en \u0153uvre toutes les mesures techniques et organisationnelles appropri\u00e9es gr\u00e2ce \u00e0 des moyens de s\u00e9curisation physiques et logistiques afin de garantir un niveau de s\u00e9curit\u00e9 adapt\u00e9 au regard des risques d&rsquo;acc\u00e8s accidentels, non autoris\u00e9s ou ill\u00e9gaux, de divulgation, d&rsquo;alt\u00e9ration, de perte ou encore de destruction des donn\u00e9es personnelles vous concernant.<\/p>\n\n\n\n<p>Dans l&rsquo;\u00e9ventualit\u00e9 o\u00f9 Perrine Grenin prendrait connaissance d&rsquo;un acc\u00e8s ill\u00e9gal aux donn\u00e9es personnelles vous concernant stock\u00e9es sur nos serveurs ou ceux de nos prestataires, ou d&rsquo;un acc\u00e8s non autoris\u00e9 ayant pour cons\u00e9quence la r\u00e9alisation des risques identifi\u00e9s ci-dessus, nous nous engageons \u00e0 :<\/p>\n\n\n\n<p>&#8211; Vous notifier l&rsquo;incident dans les plus brefs d\u00e9lais si cela r\u00e9pond \u00e0 une exigence l\u00e9gale ;<\/p>\n\n\n\n<p>&#8211; Examiner les causes de l&rsquo;incident ;<\/p>\n\n\n\n<p>&#8211; Prendre les mesures n\u00e9cessaires dans la limite du raisonnable afin d&rsquo;amoindrir les effets n\u00e9gatifs et pr\u00e9judices pouvant r\u00e9sulter dudit incident.<\/p>\n\n\n\n<p>Limitation de la responsabilit\u00e9. En aucun cas les engagements d\u00e9finis au point ci-dessus relatif \u00e0 la notification en cas de faille de s\u00e9curit\u00e9 ne peuvent \u00eatre assimil\u00e9s \u00e0 une quelconque reconnaissance de faute ou de responsabilit\u00e9 quant \u00e0 la survenance de l&rsquo;incident en question.<\/p>\n\n\n\n<h2 class=\"wp-block-heading\"><strong>ARTICLE X: MODIFICATION DE LA POLITIQUE DE CONFIDENTIALIT\u00c9<\/strong><\/h2>\n\n\n\n<p>Perrine Grenin pourra modifier les pr\u00e9sentes \u00e0 tout moment conform\u00e9ment \u00e0 la r\u00e9glementation applicable. En cas de modification des pr\u00e9sentes, Perrine Grenin s\u2019engage \u00e0 ne pas baisser le niveau de confidentialit\u00e9 de mani\u00e8re substantielle sans l&rsquo;information pr\u00e9alable des personnes concern\u00e9es.<\/p>\n\n\n\n<h2 class=\"wp-block-heading\"><strong>ARTICLE XI: DROIT APPLICABLE ET LANGUE<\/strong><\/h2>\n\n\n\n<p>La pr\u00e9sente Politique de Confidentialit\u00e9 est r\u00e9gie par le droit fran\u00e7ais. Elles sont r\u00e9dig\u00e9es en fran\u00e7ais. Dans le cas o\u00f9 elles seraient traduites en une ou plusieurs langues, seul le texte fran\u00e7ais ferait foi en cas de litige. La nullit\u00e9 d&rsquo;une clause n&rsquo;entra\u00eene pas la nullit\u00e9 de la Politique de confidentialit\u00e9. L&rsquo;inapplication temporaire ou permanente d&rsquo;une ou plusieurs clauses des pr\u00e9sentes par Perrine Grenin ne saurait valoir renonciation de sa part aux autres clauses des pr\u00e9sentes qui continuent \u00e0 produire leurs effets.<\/p>\n\n\n\n<h2 class=\"wp-block-heading\"><strong>ARTICLE XII : LITIGES ET ATTRIBUTION DE JURIDICTION<\/strong><\/h2>\n\n\n\n<p>Tout litige auquel la politique de confidentialit\u00e9 pourrait donner lieu, notamment concernant sa validit\u00e9, son interpr\u00e9tation et son ex\u00e9cution, leurs cons\u00e9quences et leurs suites seront soumises aux tribunaux comp\u00e9tents dans le ressort de la ville de St-Pierre de la R\u00e9union.<\/p>\n<\/div><\/div>\n","protected":false},"excerpt":{"rendered":"<p>PREAMBULE Perrine Grenin s\u2019engage \u00e0 ce que la collecte et le traitement de vos donn\u00e9es soient effectu\u00e9s de mani\u00e8re licite, [&hellip;]<\/p>\n","protected":false},"author":1,"featured_media":0,"parent":0,"menu_order":0,"comment_status":"closed","ping_status":"open","template":"","meta":{"_seopress_robots_primary_cat":"","_seopress_titles_title":"","_seopress_titles_desc":"","_seopress_robots_index":"","_uag_custom_page_level_css":"","site-sidebar-layout":"default","site-content-layout":"","ast-site-content-layout":"default","site-content-style":"default","site-sidebar-style":"default","ast-global-header-display":"","ast-banner-title-visibility":"","ast-main-header-display":"","ast-hfb-above-header-display":"","ast-hfb-below-header-display":"","ast-hfb-mobile-header-display":"","site-post-title":"","ast-breadcrumbs-content":"","ast-featured-img":"","footer-sml-layout":"","ast-disable-related-posts":"","theme-transparent-header-meta":"","adv-header-id-meta":"","stick-header-meta":"","header-above-stick-meta":"","header-main-stick-meta":"","header-below-stick-meta":"","astra-migrate-meta-layouts":"default","ast-page-background-enabled":"default","ast-page-background-meta":{"desktop":{"background-color":"var(--ast-global-color-4)","background-image":"","background-repeat":"repeat","background-position":"center center","background-size":"auto","background-attachment":"scroll","background-type":"","background-media":"","overlay-type":"","overlay-color":"","overlay-opacity":"","overlay-gradient":""},"tablet":{"background-color":"","background-image":"","background-repeat":"repeat","background-position":"center center","background-size":"auto","background-attachment":"scroll","background-type":"","background-media":"","overlay-type":"","overlay-color":"","overlay-opacity":"","overlay-gradient":""},"mobile":{"background-color":"","background-image":"","background-repeat":"repeat","background-position":"center center","background-size":"auto","background-attachment":"scroll","background-type":"","background-media":"","overlay-type":"","overlay-color":"","overlay-opacity":"","overlay-gradient":""}},"ast-content-background-meta":{"desktop":{"background-color":"var(--ast-global-color-5)","background-image":"","background-repeat":"repeat","background-position":"center center","background-size":"auto","background-attachment":"scroll","background-type":"","background-media":"","overlay-type":"","overlay-color":"","overlay-opacity":"","overlay-gradient":""},"tablet":{"background-color":"var(--ast-global-color-5)","background-image":"","background-repeat":"repeat","background-position":"center center","background-size":"auto","background-attachment":"scroll","background-type":"","background-media":"","overlay-type":"","overlay-color":"","overlay-opacity":"","overlay-gradient":""},"mobile":{"background-color":"var(--ast-global-color-5)","background-image":"","background-repeat":"repeat","background-position":"center center","background-size":"auto","background-attachment":"scroll","background-type":"","background-media":"","overlay-type":"","overlay-color":"","overlay-opacity":"","overlay-gradient":""}},"footnotes":""},"class_list":["post-3","page","type-page","status-publish","hentry"],"uagb_featured_image_src":{"full":false,"thumbnail":false,"medium":false,"medium_large":false,"large":false,"1536x1536":false,"2048x2048":false},"uagb_author_info":{"display_name":"admin3949","author_link":"https:\/\/les-pieds-sur-terre.re\/index.php\/author\/admin3949\/"},"uagb_comment_info":0,"uagb_excerpt":"PREAMBULE Perrine Grenin s\u2019engage \u00e0 ce que la collecte et le traitement de vos donn\u00e9es soient effectu\u00e9s de mani\u00e8re licite, [&hellip;]","_links":{"self":[{"href":"https:\/\/les-pieds-sur-terre.re\/index.php\/wp-json\/wp\/v2\/pages\/3","targetHints":{"allow":["GET"]}}],"collection":[{"href":"https:\/\/les-pieds-sur-terre.re\/index.php\/wp-json\/wp\/v2\/pages"}],"about":[{"href":"https:\/\/les-pieds-sur-terre.re\/index.php\/wp-json\/wp\/v2\/types\/page"}],"author":[{"embeddable":true,"href":"https:\/\/les-pieds-sur-terre.re\/index.php\/wp-json\/wp\/v2\/users\/1"}],"replies":[{"embeddable":true,"href":"https:\/\/les-pieds-sur-terre.re\/index.php\/wp-json\/wp\/v2\/comments?post=3"}],"version-history":[{"count":10,"href":"https:\/\/les-pieds-sur-terre.re\/index.php\/wp-json\/wp\/v2\/pages\/3\/revisions"}],"predecessor-version":[{"id":466,"href":"https:\/\/les-pieds-sur-terre.re\/index.php\/wp-json\/wp\/v2\/pages\/3\/revisions\/466"}],"wp:attachment":[{"href":"https:\/\/les-pieds-sur-terre.re\/index.php\/wp-json\/wp\/v2\/media?parent=3"}],"curies":[{"name":"wp","href":"https:\/\/api.w.org\/{rel}","templated":true}]}}