{"id":338,"date":"2024-11-12T08:39:53","date_gmt":"2024-11-12T07:39:53","guid":{"rendered":"https:\/\/les-pieds-sur-terre.re\/?page_id=338"},"modified":"2025-01-13T13:41:26","modified_gmt":"2025-01-13T12:41:26","slug":"mentions-legales","status":"publish","type":"page","link":"https:\/\/les-pieds-sur-terre.re\/index.php\/mentions-legales\/","title":{"rendered":"Mentions l\u00e9gales"},"content":{"rendered":"\n<div class=\"wp-block-uagb-container uagb-block-gchc9hum alignfull uagb-is-root-container\"><div class=\"uagb-container-inner-blocks-wrap\">\n<div class=\"wp-block-uagb-info-box uagb-block-bkrjb9rf uagb-infobox__content-wrap  uagb-infobox-icon-above-title uagb-infobox-image-valign-top wp-block-uagb-info-box--has-margin\"><div class=\"uagb-infobox-margin-wrapper\"><div class=\"uagb-ifb-content\"><div class=\"uagb-ifb-title-wrap\"><h1 class=\"uagb-ifb-title\">Mentions l\u00e9gales<\/h1><\/div><\/div><\/div><\/div>\n<\/div><\/div>\n\n\n\n<div class=\"wp-block-uagb-container uagb-block-1eaefec8 alignfull uagb-is-root-container\"><div class=\"uagb-container-inner-blocks-wrap\">\n<h2 class=\"wp-block-heading\"><strong>Editeur<\/strong><\/h2>\n\n\n\n<p>Perrine Grenin&nbsp;<\/p>\n\n\n\n<p>Les pieds sur terre<\/p>\n\n\n\n<p>Num\u00e9ro de SIRET : 948 334 461 00027<\/p>\n\n\n\n<p>Si\u00e8ge social : 58 rue du Ouaki 97421 La rivi\u00e8re St-Louis<\/p>\n\n\n\n<p>Directeur de la publication : Perrine Grenin&nbsp;<\/p>\n\n\n\n<p>Le contenu\/les fonctionnalit\u00e9s du site (https:\/\/les-pieds-sur-terre.re\/) est\/sont disponibles 24\/24 heures et 7\/7 jours sous r\u00e9serve de Perrine Grenin &nbsp;la survenance d\u2019un cas de force majeure tel que d\u00e9fini par la jurisprudence fran\u00e7aise. se r\u00e9serve le droit d\u2019interrompre la disponibilit\u00e9 de ces espaces \u00e0 tout moment et sans d\u00e9lai de pr\u00e9venance en vue notamment d\u2019op\u00e9rations de maintenance pr\u00e9ventives, \u00e9volutives ou curatives. Dans de tels cas d\u2019interruption, Perrine Grenin &nbsp;\u00e0 mettre en \u0153uvre tous les moyens raisonnables pour y rem\u00e9dier dans les meilleurs d\u00e9lais.<\/p>\n\n\n\n<h2 class=\"wp-block-heading\"><strong>H\u00e9bergeur<\/strong><\/h2>\n\n\n\n<p>DNS : OVH. 2 rue Kellermann 59 100 Roubaix France&nbsp;<\/p>\n\n\n\n<p>H\u00e9bergement site internet : OVH. 2 rue Kellermann 59 100 Roubaix France<\/p>\n\n\n\n<h2 class=\"wp-block-heading\"><strong>Propri\u00e9t\u00e9 intellectuelle<\/strong><\/h2>\n\n\n\n<p>Le site, le nom de domaine de ce site et la totalit\u00e9 du contenu du site sont la propri\u00e9t\u00e9 exclusive de Perrine Grenin et de ses partenaires et sont prot\u00e9g\u00e9s par les lois en vigueur relatives \u00e0 la propri\u00e9t\u00e9 intellectuelle.<\/p>\n\n\n\n<p>Toute reproduction, utilisation, repr\u00e9sentation ou diffusion de tout ou partie du contenu du site, sur quelque support que ce soit o\u00f9 par tout proc\u00e9d\u00e9 quel qu\u2019il soit, est interdite, sauf autorisation pr\u00e9alable et \u00e9crite de Perrine Grenin.<\/p>\n\n\n\n<p>Tout usage non autoris\u00e9 par Perrine Grenin &nbsp;engagerait la responsabilit\u00e9 civile et p\u00e9nale de son auteur.&nbsp;<\/p>\n\n\n\n<h2 class=\"wp-block-heading\"><strong>Liens hypertextes<\/strong><\/h2>\n\n\n\n<p>Les liens pr\u00e9sents sur le site de Perrine Grenin peuvent orienter l&rsquo;utilisateur sur des sites ext\u00e9rieurs dont le contenu ne peut en aucune mani\u00e8re engager la responsabilit\u00e9 de Perrine Grenin .<\/p>\n\n\n\n<p>Si vous d\u00e9sirez cr\u00e9er un lien hypertexte entre votre site et le n\u00f4tre, veuillez faire la demande par mail : contact@les-pieds-sur-terre.re<\/p>\n\n\n\n<h2 class=\"wp-block-heading\"><strong>Cookies et autres traceurs<\/strong><\/h2>\n\n\n\n<p>Nous vous informons que nous utilisons des Cookies. Un cookie ne nous permet pas de vous identifier, en revanche, il enregistre des informations relatives \u00e0 la navigation de votre ordinateur sur notre site (les pages que vous avez consult\u00e9es, la date et l&rsquo;heure de la consultation, etc.) que nous pourrons lire lors de vos visites ult\u00e9rieures.<\/p>\n\n\n\n<h2 class=\"wp-block-heading\"><strong>Protection des donn\u00e9es personnelles<\/strong><\/h2>\n\n\n\n<p>Parce que le respect de votre vie priv\u00e9e est essentiel pour Perrine Grenin et justifie la confiance que vous nous accordez, nous avons mis en place une <a href=\"https:\/\/les-pieds-sur-terre.re\/index.php\/politique-de-confidentialite\/\">Politique de confidentialit\u00e9<\/a>.<\/p>\n\n\n\n<h2 class=\"wp-block-heading\">Conception et r\u00e9alisation&nbsp;<\/h2>\n\n\n\n<p><a href=\"https:\/\/bybusiness.fr\/\">Bybusiness<\/a>, Tan Rouge 97435<\/p>\n\n\n\n<h2 class=\"wp-block-heading\"><strong>Droit applicable<\/strong><\/h2>\n\n\n\n<p>Le pr\u00e9sent site ainsi que les mentions l\u00e9gales sont soumis au droit fran\u00e7ais.<\/p>\n<\/div><\/div>\n","protected":false},"excerpt":{"rendered":"<p>Editeur Perrine Grenin&nbsp; Les pieds sur terre Num\u00e9ro de SIRET : 948 334 461 00027 Si\u00e8ge social : 58 rue [&hellip;]<\/p>\n","protected":false},"author":1,"featured_media":0,"parent":0,"menu_order":0,"comment_status":"closed","ping_status":"closed","template":"","meta":{"_seopress_robots_primary_cat":"","_seopress_titles_title":"","_seopress_titles_desc":"","_seopress_robots_index":"","_uag_custom_page_level_css":"","site-sidebar-layout":"default","site-content-layout":"","ast-site-content-layout":"default","site-content-style":"default","site-sidebar-style":"default","ast-global-header-display":"","ast-banner-title-visibility":"","ast-main-header-display":"","ast-hfb-above-header-display":"","ast-hfb-below-header-display":"","ast-hfb-mobile-header-display":"","site-post-title":"","ast-breadcrumbs-content":"","ast-featured-img":"","footer-sml-layout":"","ast-disable-related-posts":"","theme-transparent-header-meta":"default","adv-header-id-meta":"","stick-header-meta":"","header-above-stick-meta":"","header-main-stick-meta":"","header-below-stick-meta":"","astra-migrate-meta-layouts":"default","ast-page-background-enabled":"default","ast-page-background-meta":{"desktop":{"background-color":"var(--ast-global-color-4)","background-image":"","background-repeat":"repeat","background-position":"center center","background-size":"auto","background-attachment":"scroll","background-type":"","background-media":"","overlay-type":"","overlay-color":"","overlay-opacity":"","overlay-gradient":""},"tablet":{"background-color":"","background-image":"","background-repeat":"repeat","background-position":"center center","background-size":"auto","background-attachment":"scroll","background-type":"","background-media":"","overlay-type":"","overlay-color":"","overlay-opacity":"","overlay-gradient":""},"mobile":{"background-color":"","background-image":"","background-repeat":"repeat","background-position":"center center","background-size":"auto","background-attachment":"scroll","background-type":"","background-media":"","overlay-type":"","overlay-color":"","overlay-opacity":"","overlay-gradient":""}},"ast-content-background-meta":{"desktop":{"background-color":"var(--ast-global-color-5)","background-image":"","background-repeat":"repeat","background-position":"center center","background-size":"auto","background-attachment":"scroll","background-type":"","background-media":"","overlay-type":"","overlay-color":"","overlay-opacity":"","overlay-gradient":""},"tablet":{"background-color":"var(--ast-global-color-5)","background-image":"","background-repeat":"repeat","background-position":"center center","background-size":"auto","background-attachment":"scroll","background-type":"","background-media":"","overlay-type":"","overlay-color":"","overlay-opacity":"","overlay-gradient":""},"mobile":{"background-color":"var(--ast-global-color-5)","background-image":"","background-repeat":"repeat","background-position":"center center","background-size":"auto","background-attachment":"scroll","background-type":"","background-media":"","overlay-type":"","overlay-color":"","overlay-opacity":"","overlay-gradient":""}},"footnotes":""},"class_list":["post-338","page","type-page","status-publish","hentry"],"uagb_featured_image_src":{"full":false,"thumbnail":false,"medium":false,"medium_large":false,"large":false,"1536x1536":false,"2048x2048":false},"uagb_author_info":{"display_name":"admin3949","author_link":"https:\/\/les-pieds-sur-terre.re\/index.php\/author\/admin3949\/"},"uagb_comment_info":0,"uagb_excerpt":"Editeur Perrine Grenin&nbsp; Les pieds sur terre Num\u00e9ro de SIRET : 948 334 461 00027 Si\u00e8ge social : 58 rue [&hellip;]","_links":{"self":[{"href":"https:\/\/les-pieds-sur-terre.re\/index.php\/wp-json\/wp\/v2\/pages\/338","targetHints":{"allow":["GET"]}}],"collection":[{"href":"https:\/\/les-pieds-sur-terre.re\/index.php\/wp-json\/wp\/v2\/pages"}],"about":[{"href":"https:\/\/les-pieds-sur-terre.re\/index.php\/wp-json\/wp\/v2\/types\/page"}],"author":[{"embeddable":true,"href":"https:\/\/les-pieds-sur-terre.re\/index.php\/wp-json\/wp\/v2\/users\/1"}],"replies":[{"embeddable":true,"href":"https:\/\/les-pieds-sur-terre.re\/index.php\/wp-json\/wp\/v2\/comments?post=338"}],"version-history":[{"count":5,"href":"https:\/\/les-pieds-sur-terre.re\/index.php\/wp-json\/wp\/v2\/pages\/338\/revisions"}],"predecessor-version":[{"id":459,"href":"https:\/\/les-pieds-sur-terre.re\/index.php\/wp-json\/wp\/v2\/pages\/338\/revisions\/459"}],"wp:attachment":[{"href":"https:\/\/les-pieds-sur-terre.re\/index.php\/wp-json\/wp\/v2\/media?parent=338"}],"curies":[{"name":"wp","href":"https:\/\/api.w.org\/{rel}","templated":true}]}}